{"id":4926,"date":"2025-10-09T12:35:11","date_gmt":"2025-10-09T12:35:11","guid":{"rendered":"https:\/\/www.hydroarts.org\/?page_id=4926"},"modified":"2025-10-28T11:21:49","modified_gmt":"2025-10-28T11:21:49","slug":"contact-us","status":"publish","type":"page","link":"https:\/\/www.hydroarts.org\/fr\/contact-us\/","title":{"rendered":"Nous contacter"},"content":{"rendered":"<p><div class=\"fusion-fullwidth fullwidth-box fusion-builder-row-1 fusion-flex-container has-pattern-background has-mask-background fusion-parallax-none nonhundred-percent-fullwidth non-hundred-percent-height-scrolling lazyload\" style=\"--awb-border-radius-top-left:0px;--awb-border-radius-top-right:0px;--awb-border-radius-bottom-right:0px;--awb-border-radius-bottom-left:0px;--awb-padding-top:60px;--awb-padding-bottom:60px;--awb-padding-top-medium:36px;--awb-padding-bottom-medium:20px;--awb-padding-top-small:12px;--awb-padding-bottom-small:0px;--awb-background-image:linear-gradient(180deg, rgba(248,152,76,0.39) 0%,rgba(255,255,255,0) 100%);;--awb-background-size:cover;--awb-flex-wrap:wrap;\" data-bg=\"https:\/\/www.hydroarts.org\/wp-content\/uploads\/2025\/09\/Mer-calme-a-lhorizon2.png\" data-bg-gradient=\"linear-gradient(180deg, rgba(248,152,76,0.39) 0%,rgba(255,255,255,0) 100%)\" ><div class=\"fusion-builder-row fusion-row fusion-flex-align-items-flex-start fusion-flex-justify-content-center fusion-flex-content-wrap\" style=\"max-width:1372.8px;margin-left: calc(-4% \/ 2 );margin-right: calc(-4% \/ 2 );\"><div class=\"fusion-layout-column fusion_builder_column fusion-builder-column-0 fusion_builder_column_3_5 3_5 fusion-flex-column fusion-animated\" style=\"--awb-bg-size:cover;--awb-width-large:60%;--awb-margin-top-large:6%;--awb-spacing-right-large:3.2%;--awb-margin-bottom-large:6%;--awb-spacing-left-large:3.2%;--awb-width-medium:80%;--awb-order-medium:0;--awb-spacing-right-medium:2.4%;--awb-margin-bottom-medium:48px;--awb-spacing-left-medium:2.4%;--awb-width-small:100%;--awb-order-small:0;--awb-spacing-right-small:1.92%;--awb-margin-bottom-small:32px;--awb-spacing-left-small:1.92%;\" data-animationtype=\"fadeInDown\" data-animationduration=\"1.6\" data-animationoffset=\"top-into-view\" data-scroll-devices=\"small-visibility,medium-visibility,large-visibility\"><div class=\"fusion-column-wrapper fusion-column-has-shadow fusion-flex-justify-content-flex-start fusion-content-layout-column\"><div class=\"fusion-title title fusion-title-1 fusion-sep-none fusion-title-center fusion-title-text fusion-title-size-one\" style=\"--awb-text-color:var(--awb-color1);\"><h1 class=\"fusion-title-heading title-heading-center fusion-responsive-typography-calculated\" style=\"margin:0;--fontSize:48;line-height:var(--awb-typography1-line-height);\">Nous contacter<\/h1><\/div><\/div><\/div><\/div><\/div>\n<div class=\"fusion-fullwidth fullwidth-box fusion-builder-row-2 fusion-flex-container has-pattern-background has-mask-background nonhundred-percent-fullwidth non-hundred-percent-height-scrolling\" style=\"--awb-border-radius-top-left:0px;--awb-border-radius-top-right:0px;--awb-border-radius-bottom-right:0px;--awb-border-radius-bottom-left:0px;--awb-background-image:linear-gradient(120deg, var(--awb-custom_color_3) 0%,rgba(127,215,254,0.39) 69%);--awb-flex-wrap:wrap;\" ><div class=\"fusion-builder-row fusion-row fusion-flex-align-items-flex-start fusion-flex-content-wrap\" style=\"max-width:1372.8px;margin-left: calc(-4% \/ 2 );margin-right: calc(-4% \/ 2 );\"><div class=\"fusion-layout-column fusion_builder_column fusion-builder-column-1 fusion_builder_column_2_5 2_5 fusion-flex-column fusion-animated\" style=\"--awb-bg-size:cover;--awb-width-large:40%;--awb-margin-top-large:40px;--awb-spacing-right-large:4.8%;--awb-margin-bottom-large:20px;--awb-spacing-left-large:4.8%;--awb-width-medium:40%;--awb-order-medium:0;--awb-spacing-right-medium:4.8%;--awb-spacing-left-medium:4.8%;--awb-width-small:100%;--awb-order-small:0;--awb-spacing-right-small:1.92%;--awb-spacing-left-small:1.92%;\" data-animationtype=\"fadeInDown\" data-animationduration=\"1.6\" data-animationoffset=\"top-into-view\" data-scroll-devices=\"small-visibility,medium-visibility,large-visibility\"><div class=\"fusion-column-wrapper fusion-column-has-shadow fusion-flex-justify-content-flex-start fusion-content-layout-column\"><div class=\"fusion-text fusion-text-1\" style=\"--awb-content-alignment:center;--awb-font-size:20px;--awb-line-height:1.4em;--awb-letter-spacing:-0.02em;--awb-text-color:var(--awb-custom_color_1);\"><p align=\"left\">Merci de votre int\u00e9r\u00eat ! Vous pouvez remplir le formulaire \u00e0 droite ou nous envoyer un e-mail \u00e0 l'adresse suivante :<\/p>\n<h4 style=\"--fontSize: 26; line-height: 1.4;\" data-fontsize=\"26\" data-lineheight=\"36.4px\" class=\"fusion-responsive-typography-calculated\">contact@hydroarts.org<\/h4>\n<\/div><div class=\"fusion-text fusion-text-2\" style=\"--awb-font-size:20px;--awb-text-color:var(--awb-custom_color_1);\"><p>Si vous souhaitez rester inform\u00e9 de nos activit\u00e9s et recevoir des invitations \u00e0 nos webinaires et \u00e9v\u00e9nements, veuillez vous inscrire \u00e0 notre liste de diffusion.<\/p>\n<\/div><iframe data-w-type=\"embedded\" frameborder=\"0\" scrolling=\"no\" marginheight=\"0\" marginwidth=\"0\" src=\"https:\/\/1x4q8.mjt.lu\/wgt\/1x4q8\/03rj\/form?c=bcc9b768\" width=\"100%\" style=\"height: 0;\"><\/iframe>\n\n<script type=\"text\/javascript\" src=\"https:\/\/app.mailjet.com\/pas-nc-embedded-v1.js\"><\/script>\n<\/div><\/div><div class=\"fusion-layout-column fusion_builder_column fusion-builder-column-2 fusion_builder_column_3_5 3_5 fusion-flex-column fusion-animated\" style=\"--awb-bg-size:cover;--awb-width-large:60%;--awb-margin-top-large:20px;--awb-spacing-right-large:3.2%;--awb-margin-bottom-large:20px;--awb-spacing-left-large:6.4%;--awb-width-medium:60%;--awb-order-medium:0;--awb-spacing-right-medium:3.2%;--awb-spacing-left-medium:6.4%;--awb-width-small:100%;--awb-order-small:0;--awb-spacing-right-small:1.92%;--awb-spacing-left-small:1.92%;\" data-animationtype=\"fadeInDown\" data-animationduration=\"1.6\" data-animationoffset=\"top-into-view\" data-scroll-devices=\"small-visibility,medium-visibility,large-visibility\"><div class=\"fusion-column-wrapper fusion-column-has-shadow fusion-flex-justify-content-flex-start fusion-content-layout-column\"><div class=\"fusion-form fusion-form-builder fusion-form-form-wrapper fusion-form-2674\" style=\"--awb-tooltip-text-color:#ffffff;--awb-tooltip-background-color:#333333;\" data-form-id=\"2674\" data-config=\"{&quot;form_id&quot;:&quot;2674&quot;,&quot;form_post_id&quot;:&quot;2674&quot;,&quot;post_id&quot;:4926,&quot;form_type&quot;:&quot;ajax&quot;,&quot;confirmation_type&quot;:&quot;message&quot;,&quot;redirect_url&quot;:&quot;&quot;,&quot;redirect_timeout&quot;:&quot;0&quot;,&quot;field_labels&quot;:{&quot;first_name&quot;:&quot;First Name&quot;,&quot;last_name&quot;:&quot;Last Name&quot;,&quot;email&quot;:&quot;Email&quot;,&quot;message&quot;:&quot;Message&quot;},&quot;field_logics&quot;:{&quot;notice_1&quot;:&quot;&quot;,&quot;first_name&quot;:&quot;&quot;,&quot;last_name&quot;:&quot;&quot;,&quot;email&quot;:&quot;&quot;,&quot;message&quot;:&quot;&quot;,&quot;submit_1&quot;:&quot;&quot;,&quot;notice_2&quot;:&quot;&quot;},&quot;field_types&quot;:{&quot;notice_1&quot;:&quot;notice&quot;,&quot;first_name&quot;:&quot;text&quot;,&quot;last_name&quot;:&quot;text&quot;,&quot;email&quot;:&quot;email&quot;,&quot;message&quot;:&quot;textarea&quot;,&quot;submit_1&quot;:&quot;submit&quot;,&quot;notice_2&quot;:&quot;notice&quot;},&quot;nonce_method&quot;:&quot;ajax&quot;,&quot;form_views&quot;:&quot;ajax&quot;,&quot;form_views_counting&quot;:&quot;all&quot;}\"><form action=\"https:\/\/www.hydroarts.org\/fr\/contact-us\/\" method=\"post\" class=\"fusion-form fusion-form-2674\" data-trp-original-action=\"https:\/\/www.hydroarts.org\/fr\/contact-us\/\"><div class=\"fusion-fullwidth fullwidth-box fusion-builder-row-2-1 fusion-flex-container has-pattern-background has-mask-background nonhundred-percent-fullwidth non-hundred-percent-height-scrolling\" style=\"--awb-border-color:var(--awb-color8);--awb-border-radius-top-left:0px;--awb-border-radius-top-right:0px;--awb-border-radius-bottom-right:0px;--awb-border-radius-bottom-left:0px;--awb-padding-top:0px;--awb-padding-right:0px;--awb-padding-bottom:0px;--awb-padding-left:0px;--awb-flex-wrap:wrap;\" ><div class=\"fusion-builder-row fusion-row fusion-flex-align-items-flex-start fusion-flex-content-wrap\" style=\"width:104% !important;max-width:104% !important;margin-left: calc(-4% \/ 2 );margin-right: calc(-4% \/ 2 );\"><div class=\"fusion-layout-column fusion_builder_column fusion-builder-column-3 fusion_builder_column_1_1 1_1 fusion-flex-column\" style=\"--awb-bg-size:cover;--awb-width-large:100%;--awb-flex-grow:0;--awb-flex-shrink:0;--awb-margin-top-large:0px;--awb-spacing-right-large:1.92%;--awb-margin-bottom-large:0px;--awb-spacing-left-large:1.92%;--awb-width-medium:100%;--awb-order-medium:0;--awb-flex-grow-medium:0;--awb-flex-shrink-medium:0;--awb-spacing-right-medium:1.92%;--awb-spacing-left-medium:1.92%;--awb-width-small:100%;--awb-order-small:0;--awb-flex-grow-small:0;--awb-flex-shrink-small:0;--awb-spacing-right-small:1.92%;--awb-spacing-left-small:1.92%;\"><div class=\"fusion-column-wrapper fusion-column-has-shadow fusion-flex-justify-content-flex-start fusion-content-layout-column\"><div class=\"form-submission-notices data-notice_1\" id=\"fusion-notices-1\"><div class=\"fusion-alert alert success alert-success fusion-alert-center fusion-form-response fusion-form-response-success awb-alert-native-link-color alert-dismissable awb-alert-close-boxed alert-shadow\" role=\"alert\"><div class=\"fusion-alert-content-wrapper\"><span class=\"alert-icon\"><i class=\"awb-icon-check-circle\" aria-hidden=\"true\"><\/i><\/span><span class=\"fusion-alert-content\">Thank you for your message. It has been sent.<\/span><\/div><button type=\"button\" class=\"close toggle-alert\" data-dismiss=\"alert\" aria-label=\"Fermer\">&times;<\/button><\/div><div class=\"fusion-alert alert error alert-danger fusion-alert-center fusion-form-response fusion-form-response-error awb-alert-native-link-color alert-dismissable awb-alert-close-boxed alert-shadow\" role=\"alert\"><div class=\"fusion-alert-content-wrapper\"><span class=\"alert-icon\"><i class=\"awb-icon-exclamation-triangle\" aria-hidden=\"true\"><\/i><\/span><span class=\"fusion-alert-content\">There was an error trying to send your message. Please try again later.<\/span><\/div><button type=\"button\" class=\"close toggle-alert\" data-dismiss=\"alert\" aria-label=\"Fermer\">&times;<\/button><\/div><\/div><\/div><\/div><div class=\"fusion-layout-column fusion_builder_column fusion-builder-column-4 fusion_builder_column_1_1 1_1 fusion-flex-column\" style=\"--awb-bg-size:cover;--awb-width-large:100%;--awb-flex-grow:0;--awb-flex-shrink:0;--awb-margin-top-large:0px;--awb-spacing-right-large:1.92%;--awb-margin-bottom-large:0px;--awb-spacing-left-large:1.92%;--awb-width-medium:100%;--awb-order-medium:0;--awb-flex-grow-medium:0;--awb-flex-shrink-medium:0;--awb-spacing-right-medium:1.92%;--awb-spacing-left-medium:1.92%;--awb-width-small:100%;--awb-order-small:0;--awb-flex-grow-small:0;--awb-flex-shrink-small:0;--awb-spacing-right-small:1.92%;--awb-spacing-left-small:1.92%;\"><div class=\"fusion-column-wrapper fusion-column-has-shadow fusion-flex-justify-content-flex-start fusion-content-layout-column\"><div class=\"fusion-form-field fusion-form-text-field fusion-form-label-above\" style=\"\" data-form-id=\"2674\"><div class=\"fusion-form-label-wrapper\"><label for=\"first_name\">Pr\u00e9nom <abbr class=\"fusion-form-element-required\" title=\"required\">*<\/abbr><\/label><\/div><input type=\"text\" autocomplete=\"off\" name=\"first_name\" id=\"first_name\" value=\"\"  class=\"fusion-form-input\" required=\"true\" aria-required=\"true\" placeholder=\"Jean *\" data-holds-private-data=\"false\" minlength=\"0\"\/><\/div><div class=\"fusion-form-field fusion-form-text-field fusion-form-label-above\" style=\"\" data-form-id=\"2674\"><div class=\"fusion-form-label-wrapper\"><label for=\"last_name\">Nom de famille <abbr class=\"fusion-form-element-required\" title=\"required\">*<\/abbr><\/label><\/div><input type=\"text\" autocomplete=\"off\" name=\"last_name\" id=\"last_name\" value=\"\"  class=\"fusion-form-input\" required=\"true\" aria-required=\"true\" placeholder=\"Doe *\" data-holds-private-data=\"false\" minlength=\"0\"\/><\/div><div class=\"fusion-form-field fusion-form-email-field fusion-form-label-above\" style=\"\" data-form-id=\"2674\"><div class=\"fusion-form-label-wrapper\"><label for=\"email\">Email <abbr class=\"fusion-form-element-required\" title=\"required\">*<\/abbr><\/label><\/div><input type=\"email\" autocomplete=\"off\" name=\"email\" id=\"email\" value=\"\"  class=\"fusion-form-input\" required=\"true\" aria-required=\"true\" placeholder=\"jeandoe@company.com *\" data-holds-private-data=\"false\"\/><\/div><div class=\"fusion-form-field fusion-form-textarea-field fusion-form-label-above\" style=\"\" data-form-id=\"2674\"><label for=\"message\">Message<\/label><textarea cols=\"40\" autocomplete=\"off\"  minlength=\"0\"  rows=\"2\" tabindex=\"\" id=\"message\" name=\"message\" class=\"fusion-form-input\" data-holds-private-data=\"false\"><\/textarea><\/div><div class=\"fusion-form-field fusion-form-submit-field fusion-form-label-above\" style=\"\" data-form-id=\"2674\"><div style=\"text-align:center;\"><button type=\"submit\" class=\"fusion-button button-flat fusion-button-default-size button-default fusion-button-default button-1 fusion-button-default-span  button-default form-form-submit\" data-form-number=\"2674\" tabindex=\"\"><span class=\"fusion-button-text awb-button__text awb-button__text--default\">Envoyer<\/span><\/button><\/div><\/div><div class=\"form-submission-notices data-notice_2\" id=\"fusion-notices-2\"><div class=\"fusion-alert alert success alert-success fusion-alert-center fusion-form-response fusion-form-response-success awb-alert-native-link-color alert-dismissable awb-alert-close-boxed alert-shadow\" role=\"alert\"><div class=\"fusion-alert-content-wrapper\"><span class=\"alert-icon\"><i class=\"awb-icon-check-circle\" aria-hidden=\"true\"><\/i><\/span><span class=\"fusion-alert-content\">Thank you for your message. It has been sent.<\/span><\/div><button type=\"button\" class=\"close toggle-alert\" data-dismiss=\"alert\" aria-label=\"Fermer\">&times;<\/button><\/div><div class=\"fusion-alert alert error alert-danger fusion-alert-center fusion-form-response fusion-form-response-error awb-alert-native-link-color alert-dismissable awb-alert-close-boxed alert-shadow\" role=\"alert\"><div class=\"fusion-alert-content-wrapper\"><span class=\"alert-icon\"><i class=\"awb-icon-exclamation-triangle\" aria-hidden=\"true\"><\/i><\/span><span class=\"fusion-alert-content\">There was an error trying to send your message. Please try again later.<\/span><\/div><button type=\"button\" class=\"close toggle-alert\" data-dismiss=\"alert\" aria-label=\"Fermer\">&times;<\/button><\/div><\/div><\/div><\/div><\/div><\/div><input type=\"hidden\" name=\"fusion_privacy_store_ip_ua\" value=\"false\"><input type=\"hidden\" name=\"fusion_privacy_expiration_interval\" value=\"48\"><input type=\"hidden\" name=\"privacy_expiration_action\" value=\"anonymize\"><input type=\"hidden\" name=\"trp-form-language\" value=\"fr\"\/><\/form><\/div><\/div><\/div><\/div><\/div><\/p>","protected":false},"excerpt":{"rendered":"","protected":false},"author":1,"featured_media":0,"parent":0,"menu_order":0,"comment_status":"closed","ping_status":"closed","template":"100-width.php","meta":{"footnotes":""},"class_list":["post-4926","page","type-page","status-publish","hentry"],"_links":{"self":[{"href":"https:\/\/www.hydroarts.org\/fr\/wp-json\/wp\/v2\/pages\/4926","targetHints":{"allow":["GET"]}}],"collection":[{"href":"https:\/\/www.hydroarts.org\/fr\/wp-json\/wp\/v2\/pages"}],"about":[{"href":"https:\/\/www.hydroarts.org\/fr\/wp-json\/wp\/v2\/types\/page"}],"author":[{"embeddable":true,"href":"https:\/\/www.hydroarts.org\/fr\/wp-json\/wp\/v2\/users\/1"}],"replies":[{"embeddable":true,"href":"https:\/\/www.hydroarts.org\/fr\/wp-json\/wp\/v2\/comments?post=4926"}],"version-history":[{"count":12,"href":"https:\/\/www.hydroarts.org\/fr\/wp-json\/wp\/v2\/pages\/4926\/revisions"}],"predecessor-version":[{"id":5469,"href":"https:\/\/www.hydroarts.org\/fr\/wp-json\/wp\/v2\/pages\/4926\/revisions\/5469"}],"wp:attachment":[{"href":"https:\/\/www.hydroarts.org\/fr\/wp-json\/wp\/v2\/media?parent=4926"}],"curies":[{"name":"wp","href":"https:\/\/api.w.org\/{rel}","templated":true}]}}